{"id":19949,"date":"2022-06-09T11:42:43","date_gmt":"2022-06-09T09:42:43","guid":{"rendered":"https:\/\/izem.org\/?page_id=19949"},"modified":"2023-03-13T11:17:12","modified_gmt":"2023-03-13T10:17:12","slug":"aktivitaeten","status":"publish","type":"page","link":"https:\/\/izem.org\/index.php\/aktivitaeten\/","title":{"rendered":"Aktivit\u00e4ten"},"content":{"rendered":"<p>[et_pb_section fb_built=&#8220;1&#8243; admin_label=&#8220;Hero&#8220; _builder_version=&#8220;4.16&#8243; custom_padding=&#8220;0|0px|54px|0px|false|false&#8220; bottom_divider_height=&#8220;0px&#8220; border_width_bottom=&#8220;1px&#8220; border_color_bottom=&#8220;#efefef&#8220; global_colors_info=&#8220;{}&#8220;][et_pb_row column_structure=&#8220;1_2,1_2&#8243; _builder_version=&#8220;4.16&#8243; width=&#8220;100%&#8220; max_width=&#8220;100%&#8220; custom_margin=&#8220;|||&#8220; custom_margin_tablet=&#8220;||0px|&#8220; custom_margin_phone=&#8220;&#8220; custom_margin_last_edited=&#8220;on|desktop&#8220; custom_padding=&#8220;0|0px|27px|0px|false|false&#8220; use_custom_width=&#8220;on&#8220; width_unit=&#8220;off&#8220; custom_width_percent=&#8220;100%&#8220; global_colors_info=&#8220;{}&#8220;][et_pb_column type=&#8220;1_2&#8243; _builder_version=&#8220;4.16&#8243; custom_padding=&#8220;6%||6%|12%&#8220; custom_padding_tablet=&#8220;50px|50px|50px|50px&#8220; custom_padding_phone=&#8220;50px|50px|50px|50px&#8220; custom_padding_last_edited=&#8220;on|tablet&#8220; global_colors_info=&#8220;{}&#8220; padding_tablet=&#8220;50px|50px|50px|50px&#8220; padding_last_edited=&#8220;on|tablet&#8220; custom_padding__hover=&#8220;|||&#8220; padding_phone=&#8220;50px|50px|50px|50px&#8220;][et_pb_image src=&#8220;https:\/\/izem.org\/wp-content\/uploads\/2022\/06\/Impresum.png&#8220; title_text=&#8220;Impresum&#8220; align_tablet=&#8220;center&#8220; align_phone=&#8220;center&#8220; align_last_edited=&#8220;on|desktop&#8220; _builder_version=&#8220;4.16&#8243; global_colors_info=&#8220;{}&#8220;][\/et_pb_image][et_pb_text _builder_version=&#8220;4.16&#8243; text_font=&#8220;Montserrat|300|||||||&#8220; text_text_color=&#8220;#677a92&#8243; text_font_size=&#8220;16px&#8220; text_line_height=&#8220;1.8em&#8220; header_font=&#8220;Montserrat||||||||&#8220; header_font_size=&#8220;50px&#8220; header_line_height=&#8220;1.3em&#8220; header_2_font=&#8220;||||||||&#8220; max_width=&#8220;600px&#8220; custom_margin=&#8220;|||&#8220; custom_margin_tablet=&#8220;0px|50px||50px&#8220; custom_margin_phone=&#8220;|20px||&#8220; custom_margin_last_edited=&#8220;off|desktop&#8220; custom_padding=&#8220;|||&#8220; text_line_height_tablet=&#8220;1.8em&#8220; text_line_height_phone=&#8220;1.8em&#8220; text_line_height_last_edited=&#8220;on|phone&#8220; header_font_size_tablet=&#8220;&#8220; header_font_size_phone=&#8220;36px&#8220; header_font_size_last_edited=&#8220;on|phone&#8220; header_2_font_size_phone=&#8220;30px&#8220; header_2_font_size_last_edited=&#8220;off|desktop&#8220; locked=&#8220;off&#8220; global_colors_info=&#8220;{}&#8220;]<\/p>\n<h1>Aktivit\u00e4ten<\/h1>\n<p>[\/et_pb_text][et_pb_text _builder_version=&#8220;4.16&#8243; text_font=&#8220;Montserrat|300|||||||&#8220; text_font_size=&#8220;16px&#8220; text_line_height=&#8220;2em&#8220; link_font=&#8220;||||||||&#8220; ul_font=&#8220;||||||||&#8220; ol_font=&#8220;||||||||&#8220; quote_font=&#8220;||||||||&#8220; header_font=&#8220;||||||||&#8220; header_2_font=&#8220;Montserrat|300|||||||&#8220; header_2_text_color=&#8220;#212d3b&#8220; header_2_font_size=&#8220;40px&#8220; header_2_line_height=&#8220;1.5em&#8220; max_width=&#8220;600px&#8220; custom_margin=&#8220;|||&#8220; custom_margin_tablet=&#8220;0px|50px||50px&#8220; custom_margin_last_edited=&#8220;off|desktop&#8220; custom_padding=&#8220;||0px|||&#8220; locked=&#8220;off&#8220; global_colors_info=&#8220;{}&#8220;]<\/p>\n<p>Wir freuen uns, dass Sie sich f\u00fcr die Aktivit\u00e4ten des Instituts zur Erforschung von Mehrfacherkrankungen (IZEM) interessieren. Auf dieser Seite finden Sie Informationen zu unseren Aktivit\u00e4ten. Bitte schauen sie immer wieder rein. Wir aktualisieren die Informationen regelm\u00e4\u00dfig.<\/p>\n<p>Wenn Sie Fragen oder Anregungen haben, freuen wir uns auf Ihre Kontaktaufnahme.<br \/><span><\/span><span><\/span><span>E-Mail: info[at]izem.org<br \/><\/span><\/p>\n<p>[\/et_pb_text][et_pb_button button_url=&#8220;@ET-DC@eyJkeW5hbWljIjp0cnVlLCJjb250ZW50IjoicG9zdF9saW5rX3VybF9wYWdlIiwic2V0dGluZ3MiOnsicG9zdF9pZCI6Ijg3In19@&#8220; button_text=&#8220;Kontakt&#8220; button_alignment=&#8220;left&#8220; _builder_version=&#8220;4.16&#8243; _dynamic_attributes=&#8220;button_url&#8220; custom_button=&#8220;on&#8220; button_text_size=&#8220;14px&#8220; button_bg_color=&#8220;#48d14c&#8220; button_border_width=&#8220;16px&#8220; button_border_color=&#8220;#48d14c&#8220; button_border_radius=&#8220;100px&#8220; button_letter_spacing=&#8220;1px&#8220; button_font=&#8220;Montserrat|500|||||||&#8220; background_layout=&#8220;dark&#8220; custom_margin=&#8220;|||&#8220; custom_padding=&#8220;|||&#8220; locked=&#8220;off&#8220; global_colors_info=&#8220;{}&#8220; button_text_size__hover_enabled=&#8220;off&#8220; button_one_text_size__hover_enabled=&#8220;off&#8220; button_two_text_size__hover_enabled=&#8220;off&#8220; button_text_color__hover_enabled=&#8220;off&#8220; button_one_text_color__hover_enabled=&#8220;off&#8220; button_two_text_color__hover_enabled=&#8220;off&#8220; button_border_width__hover_enabled=&#8220;off&#8220; button_one_border_width__hover_enabled=&#8220;off&#8220; button_two_border_width__hover_enabled=&#8220;off&#8220; button_border_color__hover_enabled=&#8220;off&#8220; button_one_border_color__hover_enabled=&#8220;off&#8220; button_two_border_color__hover_enabled=&#8220;off&#8220; button_border_radius__hover_enabled=&#8220;off&#8220; button_one_border_radius__hover_enabled=&#8220;off&#8220; button_two_border_radius__hover_enabled=&#8220;off&#8220; button_letter_spacing__hover_enabled=&#8220;off&#8220; button_one_letter_spacing__hover_enabled=&#8220;off&#8220; button_two_letter_spacing__hover_enabled=&#8220;off&#8220; button_bg_color__hover_enabled=&#8220;off&#8220; button_one_bg_color__hover_enabled=&#8220;off&#8220; button_two_bg_color__hover_enabled=&#8220;off&#8220;][\/et_pb_button][\/et_pb_column][et_pb_column type=&#8220;1_2&#8243; _builder_version=&#8220;4.16&#8243; custom_padding=&#8220;|||&#8220; global_colors_info=&#8220;{}&#8220; custom_padding__hover=&#8220;|||&#8220;][et_pb_image src=&#8220;https:\/\/izem.org\/wp-content\/uploads\/2022\/06\/AdobeStock_506719213_puls_b.png&#8220; title_text=&#8220;AdobeStock_506719213_puls_b&#8220; force_fullwidth=&#8220;on&#8220; align_tablet=&#8220;center&#8220; align_phone=&#8220;center&#8220; align_last_edited=&#8220;on|desktop&#8220; _builder_version=&#8220;4.16&#8243; custom_margin=&#8220;|||&#8220; custom_padding=&#8220;|||&#8220; animation_style=&#8220;slide&#8220; animation_direction=&#8220;right&#8220; animation_intensity_slide=&#8220;5%&#8220; border_radii=&#8220;||||30vw&#8220; border_color_all=&#8220;#0ee1f4&#8243; border_width_left=&#8220;2vw&#8220; border_color_left=&#8220;#37dfff&#8220; box_shadow_style=&#8220;preset4&#8243; box_shadow_horizontal=&#8220;-30px&#8220; box_shadow_vertical=&#8220;0px&#8220; box_shadow_color=&#8220;rgba(14,225,244,0.33)&#8220; global_colors_info=&#8220;{}&#8220;][\/et_pb_image][\/et_pb_column][\/et_pb_row][\/et_pb_section][et_pb_section fb_built=&#8220;1&#8243; _builder_version=&#8220;4.16&#8243; _module_preset=&#8220;default&#8220; global_colors_info=&#8220;{}&#8220;][et_pb_row _builder_version=&#8220;4.16&#8243; _module_preset=&#8220;default&#8220; global_colors_info=&#8220;{}&#8220;][et_pb_column type=&#8220;4_4&#8243; _builder_version=&#8220;4.16&#8243; _module_preset=&#8220;default&#8220; global_colors_info=&#8220;{}&#8220;][wdc_post_carousel include_categories=&#8220;1&#8243; order=&#8220;DESC&#8220; button_text=&#8220;Mehr&#8220; show_categories=&#8220;off&#8220; show_author=&#8220;off&#8220; show_date=&#8220;off&#8220; show_comment_count=&#8220;off&#8220; show_btn=&#8220;on&#8220; _builder_version=&#8220;4.20.2&#8243; _module_preset=&#8220;default&#8220; custom_button=&#8220;on&#8220; button_text_color=&#8220;#FFFFFF&#8220; button_bg_color=&#8220;#48d14c&#8220; button_border_width=&#8220;6px&#8220; button_border_color=&#8220;#48d14c&#8220; button_border_radius=&#8220;100px&#8220; button_font=&#8220;Montserrat|300|||||||&#8220; hover_enabled=&#8220;0&#8243; global_colors_info=&#8220;{}&#8220; is_autoplay=&#8220;off&#8220; sticky_enabled=&#8220;0&#8243;][\/wdc_post_carousel][\/et_pb_column][\/et_pb_row][\/et_pb_section]<\/p>\n","protected":false},"excerpt":{"rendered":"<p>Aktivit\u00e4tenWir freuen uns, dass Sie sich f\u00fcr die Aktivit\u00e4ten des Instituts zur Erforschung von Mehrfacherkrankungen (IZEM) interessieren. Auf dieser Seite finden Sie Informationen zu unseren Aktivit\u00e4ten. Bitte schauen sie immer wieder rein. Wir aktualisieren die Informationen regelm\u00e4\u00dfig. Wenn Sie Fragen oder Anregungen haben, freuen wir uns auf Ihre Kontaktaufnahme.E-Mail: info[at]izem.org<div class=\"et_pb_module wdc_post_carousel wdc_post_carousel_0\">\n\t\t\t\t\n\t\t\t\t\n\t\t\t\t\n\t\t\t\t\n\t\t\t\t\n\t\t\t\t\n\t\t\t\t<div class=\"et_pb_module_inner\">\n\t\t\t\t\t<div class=\"wdc-carousel-parent\" data-settings=\"{&quot;responsive&quot;:[{&quot;breakpoint&quot;:980,&quot;settings&quot;:{&quot;slidesToShow&quot;:3,&quot;arrows&quot;:true}},{&quot;breakpoint&quot;:767,&quot;settings&quot;:{&quot;slidesToShow&quot;:3,&quot;arrows&quot;:true}}],&quot;fade&quot;:false,&quot;rtl&quot;:false,&quot;adaptiveHeight&quot;:false,&quot;swipe&quot;:true,&quot;variableWidth&quot;:false,&quot;dots&quot;:false,&quot;cssEase&quot;:&quot;ease-in-out&quot;,&quot;arrows&quot;:true,&quot;infinite&quot;:true,&quot;autoplay&quot;:true,&quot;autoplaySpeed&quot;:2000,&quot;speed&quot;:700,&quot;slidesToShow&quot;:3,&quot;slidesToScroll&quot;:1,&quot;centerPadding&quot;:&quot;70px&quot;,&quot;centerMode&quot;:false,&quot;vertical&quot;:false,&quot;prevArrow&quot;:&quot;&lt;button type=\\&quot;button\\&quot; data-icon=\\&quot; 4\\&quot;class=\\&quot;slick-arrow slick-prev\\&quot;&gt;Prev&lt;\\\/button&gt;&quot;,&quot;nextArrow&quot;:&quot;&lt;button type=\\&quot;button\\&quot; data-icon=\\&quot; 5\\&quot;class=\\&quot;slick-arrow slick-next\\&quot;&gt;Prev&lt;\\\/button&gt;&quot;,&quot;lazyLoad&quot;:&quot;progressive&quot;}\" dir=\"ltr\">\r\n                <div class=\"wdc-carousel wdc-carousel-0 wdc-carousel-jq wdc-post-carousel wdc-carousel-frontend wdc-text-left equal-height-on\">\r\n                    <div class=\"wdc-carousel-item wdc-post wdc-post-ly-1\">\r\n\t\t<div class=\"wdc-post-inner wdc-hover--none\">\r\n\t\t\t<div class=\"wdc-post-thumb-wrap\">\r\n\t\t\t\t<figure class=\"wdc-post-thumb\">\r\n\t\t\t\t<a href=\"https:\/\/izem.org\/index.php\/2023\/03\/07\/weltnierentag\/\">\r\n\t\t\t\t\t<div class=\"wdc-overlay\"><span class=\"wdc-overlay-icon\"><\/span><\/div>\r\n\t\t\t\t\t<img data-lazy=\"https:\/\/izem.org\/wp-content\/uploads\/2023\/03\/AdobeStock_374115723-scaled.jpeg\" alt=\"\">\r\n\t\t\t\t<\/a>\r\n            <\/figure>\r\n\t\t\t\t\r\n\t\t\t<\/div>\r\n\t\t\t<div class=\"wdc-post-content\">\r\n\t\t\t\t\r\n\t\t\t\t<h2 class=\"wdc-post-title\">\r\n                <a href=\"https:\/\/izem.org\/index.php\/2023\/03\/07\/weltnierentag\/\">Der 09. M\u00e4rz ist Weltnierentag &#8211; h\u00f6chste Zeit, die Niereninsuffizienz in den Blick zu nehmen<\/a>\r\n            <\/h2>\r\n\t\t\t\t<div class=\"wdc-post-meta wdc-flex\">\r\n\t\t\t <div class=\"wdc-post-date wdc-post-meta-item\">\r\n                <i class=\"wdc-ico-calendar\"><\/i> <span>Mrz 07, 2023<\/span>\r\n            <\/div> <div class=\"wdc-post-comment wdc-post-meta-item\">\r\n                <i class=\"wdc-ico-comment\"><\/i> <span>0<\/span>\r\n            <\/div>\r\n\t\t<\/div>\r\n\t\t\t\t<div class=\"wdc-post-text\">Stellungnahme zum Internationalen Tag des Eisenmangels<\/div>\r\n\t\t\t\t\r\n\t\t\t<\/div>\r\n\t\t<\/div>\r\n\t<\/div><div class=\"wdc-carousel-item wdc-post wdc-post-ly-1\">\r\n\t\t<div class=\"wdc-post-inner wdc-hover--none\">\r\n\t\t\t<div class=\"wdc-post-thumb-wrap\">\r\n\t\t\t\t<figure class=\"wdc-post-thumb\">\r\n\t\t\t\t<a href=\"https:\/\/izem.org\/index.php\/2022\/11\/25\/tag-eisenmangel\/\">\r\n\t\t\t\t\t<div class=\"wdc-overlay\"><span class=\"wdc-overlay-icon\"><\/span><\/div>\r\n\t\t\t\t\t<img data-lazy=\"https:\/\/izem.org\/wp-content\/uploads\/2022\/11\/muede-Frau-kleiner-linkedIN_klein-scaled.jpg\" alt=\"\">\r\n\t\t\t\t<\/a>\r\n            <\/figure>\r\n\t\t\t\t\r\n\t\t\t<\/div>\r\n\t\t\t<div class=\"wdc-post-content\">\r\n\t\t\t\t\r\n\t\t\t\t<h2 class=\"wdc-post-title\">\r\n                <a href=\"https:\/\/izem.org\/index.php\/2022\/11\/25\/tag-eisenmangel\/\">Am 26. November ist der Tag des Eisenmangels \u2013 Zeit f\u00fcr eine \u00dcberpr\u00fcfung<\/a>\r\n            <\/h2>\r\n\t\t\t\t<div class=\"wdc-post-meta wdc-flex\">\r\n\t\t\t <div class=\"wdc-post-date wdc-post-meta-item\">\r\n                <i class=\"wdc-ico-calendar\"><\/i> <span>Nov 25, 2022<\/span>\r\n            <\/div> <div class=\"wdc-post-comment wdc-post-meta-item\">\r\n                <i class=\"wdc-ico-comment\"><\/i> <span>0<\/span>\r\n            <\/div>\r\n\t\t<\/div>\r\n\t\t\t\t<div class=\"wdc-post-text\">Stellungnahme zum Internationalen Tag des Eisenmangels<\/div>\r\n\t\t\t\t\r\n\t\t\t<\/div>\r\n\t\t<\/div>\r\n\t<\/div><div class=\"wdc-carousel-item wdc-post wdc-post-ly-1\">\r\n\t\t<div class=\"wdc-post-inner wdc-hover--none\">\r\n\t\t\t<div class=\"wdc-post-thumb-wrap\">\r\n\t\t\t\t<figure class=\"wdc-post-thumb\">\r\n\t\t\t\t<a href=\"https:\/\/izem.org\/index.php\/2022\/10\/26\/vorlage-a-2-2-2\/\">\r\n\t\t\t\t\t<div class=\"wdc-overlay\"><span class=\"wdc-overlay-icon\"><\/span><\/div>\r\n\t\t\t\t\t<img data-lazy=\"https:\/\/izem.org\/wp-content\/uploads\/2022\/10\/Logo_2fuer2_rgb.jpg\" alt=\"\">\r\n\t\t\t\t<\/a>\r\n            <\/figure>\r\n\t\t\t\t\r\n\t\t\t<\/div>\r\n\t\t\t<div class=\"wdc-post-content\">\r\n\t\t\t\t\r\n\t\t\t\t<h2 class=\"wdc-post-title\">\r\n                <a href=\"https:\/\/izem.org\/index.php\/2022\/10\/26\/vorlage-a-2-2-2\/\">ZWEIf\u00fcrZWEI &#8211; Aufkl\u00e4rungskampagne zur Chronischen Nierenerkrankung<\/a>\r\n            <\/h2>\r\n\t\t\t\t<div class=\"wdc-post-meta wdc-flex\">\r\n\t\t\t <div class=\"wdc-post-date wdc-post-meta-item\">\r\n                <i class=\"wdc-ico-calendar\"><\/i> <span>Okt 26, 2022<\/span>\r\n            <\/div> <div class=\"wdc-post-comment wdc-post-meta-item\">\r\n                <i class=\"wdc-ico-comment\"><\/i> <span>0<\/span>\r\n            <\/div>\r\n\t\t<\/div>\r\n\t\t\t\t<div class=\"wdc-post-text\">Aufkl\u00e4rungs- und Informationskampagne zur Chronischen Nierenerkrankung<\/div>\r\n\t\t\t\t\r\n\t\t\t<\/div>\r\n\t\t<\/div>\r\n\t<\/div><div class=\"wdc-carousel-item wdc-post wdc-post-ly-1\">\r\n\t\t<div class=\"wdc-post-inner wdc-hover--none\">\r\n\t\t\t<div class=\"wdc-post-thumb-wrap\">\r\n\t\t\t\t<figure class=\"wdc-post-thumb\">\r\n\t\t\t\t<a href=\"https:\/\/izem.org\/index.php\/2022\/08\/10\/vorlage-a-2-2\/\">\r\n\t\t\t\t\t<div class=\"wdc-overlay\"><span class=\"wdc-overlay-icon\"><\/span><\/div>\r\n\t\t\t\t\t<img data-lazy=\"\" alt=\"\">\r\n\t\t\t\t<\/a>\r\n            <\/figure>\r\n\t\t\t\t\r\n\t\t\t<\/div>\r\n\t\t\t<div class=\"wdc-post-content\">\r\n\t\t\t\t\r\n\t\t\t\t<h2 class=\"wdc-post-title\">\r\n                <a href=\"https:\/\/izem.org\/index.php\/2022\/08\/10\/vorlage-a-2-2\/\">Petition f\u00fcr eine verbesserte DMP-Versorgung &#8211; das IZEM bedankt sich bei allen Unterst\u00fctzerinnen und Unterst\u00fctzern!<\/a>\r\n            <\/h2>\r\n\t\t\t\t<div class=\"wdc-post-meta wdc-flex\">\r\n\t\t\t <div class=\"wdc-post-date wdc-post-meta-item\">\r\n                <i class=\"wdc-ico-calendar\"><\/i> <span>Aug 10, 2022<\/span>\r\n            <\/div> <div class=\"wdc-post-comment wdc-post-meta-item\">\r\n                <i class=\"wdc-ico-comment\"><\/i> <span>0<\/span>\r\n            <\/div>\r\n\t\t<\/div>\r\n\t\t\t\t<div class=\"wdc-post-text\">Danke f\u00fcr Ihre Unterst\u00fctzung der Petition 133653 Deutscher Bundestag<\/div>\r\n\t\t\t\t\r\n\t\t\t<\/div>\r\n\t\t<\/div>\r\n\t<\/div><div class=\"wdc-carousel-item wdc-post wdc-post-ly-1\">\r\n\t\t<div class=\"wdc-post-inner wdc-hover--none\">\r\n\t\t\t<div class=\"wdc-post-thumb-wrap\">\r\n\t\t\t\t<figure class=\"wdc-post-thumb\">\r\n\t\t\t\t<a href=\"https:\/\/izem.org\/index.php\/2022\/06\/09\/vorlage-a-2\/\">\r\n\t\t\t\t\t<div class=\"wdc-overlay\"><span class=\"wdc-overlay-icon\"><\/span><\/div>\r\n\t\t\t\t\t<img data-lazy=\"https:\/\/izem.org\/wp-content\/uploads\/2022\/06\/Bildausschnitt_Petition_31052022.jpg\" alt=\"\">\r\n\t\t\t\t<\/a>\r\n            <\/figure>\r\n\t\t\t\t\r\n\t\t\t<\/div>\r\n\t\t\t<div class=\"wdc-post-content\">\r\n\t\t\t\t\r\n\t\t\t\t<h2 class=\"wdc-post-title\">\r\n                <a href=\"https:\/\/izem.org\/index.php\/2022\/06\/09\/vorlage-a-2\/\">Petition 133653 Deutscher Bundestag<\/a>\r\n            <\/h2>\r\n\t\t\t\t<div class=\"wdc-post-meta wdc-flex\">\r\n\t\t\t <div class=\"wdc-post-date wdc-post-meta-item\">\r\n                <i class=\"wdc-ico-calendar\"><\/i> <span>Jun 09, 2022<\/span>\r\n            <\/div> <div class=\"wdc-post-comment wdc-post-meta-item\">\r\n                <i class=\"wdc-ico-comment\"><\/i> <span>0<\/span>\r\n            <\/div>\r\n\t\t<\/div>\r\n\t\t\t\t<div class=\"wdc-post-text\">Petition 133653 Deutscher Bundestag<\/div>\r\n\t\t\t\t\r\n\t\t\t<\/div>\r\n\t\t<\/div>\r\n\t<\/div>\r\n                <\/div>\r\n            <\/div>\n\t\t\t\t<\/div>\n\t\t\t<\/div><\/p>\n","protected":false},"author":1,"featured_media":0,"parent":0,"menu_order":0,"comment_status":"closed","ping_status":"closed","template":"","meta":{"_et_pb_use_builder":"on","_et_pb_old_content":"","_et_gb_content_width":"","cybocfi_hide_featured_image":""},"_links":{"self":[{"href":"https:\/\/izem.org\/index.php\/wp-json\/wp\/v2\/pages\/19949"}],"collection":[{"href":"https:\/\/izem.org\/index.php\/wp-json\/wp\/v2\/pages"}],"about":[{"href":"https:\/\/izem.org\/index.php\/wp-json\/wp\/v2\/types\/page"}],"author":[{"embeddable":true,"href":"https:\/\/izem.org\/index.php\/wp-json\/wp\/v2\/users\/1"}],"replies":[{"embeddable":true,"href":"https:\/\/izem.org\/index.php\/wp-json\/wp\/v2\/comments?post=19949"}],"version-history":[{"count":16,"href":"https:\/\/izem.org\/index.php\/wp-json\/wp\/v2\/pages\/19949\/revisions"}],"predecessor-version":[{"id":20136,"href":"https:\/\/izem.org\/index.php\/wp-json\/wp\/v2\/pages\/19949\/revisions\/20136"}],"wp:attachment":[{"href":"https:\/\/izem.org\/index.php\/wp-json\/wp\/v2\/media?parent=19949"}],"curies":[{"name":"wp","href":"https:\/\/api.w.org\/{rel}","templated":true}]}}